{"id":618,"date":"2026-04-15T11:30:48","date_gmt":"2026-04-15T11:30:48","guid":{"rendered":"https:\/\/mochi.com.es\/?page_id=618"},"modified":"2026-04-15T13:57:43","modified_gmt":"2026-04-15T13:57:43","slug":"aviso-legal","status":"publish","type":"page","link":"https:\/\/mochi.com.es\/en\/aviso-legal\/","title":{"rendered":"AVISO LEGAL"},"content":{"rendered":"\t\t<div data-elementor-type=\"wp-page\" data-elementor-id=\"618\" class=\"elementor elementor-618\" data-elementor-post-type=\"page\">\n\t\t\t\t<div class=\"elementor-element elementor-element-4517ea2c e-flex e-con-boxed e-con e-parent\" data-id=\"4517ea2c\" data-element_type=\"container\">\n\t\t\t\t\t<div class=\"e-con-inner\">\n\t\t\t\t<div class=\"elementor-element elementor-element-70e070d6 elementor-widget elementor-widget-text-editor\" data-id=\"70e070d6\" data-element_type=\"widget\" data-widget_type=\"text-editor.default\">\n\t\t\t\t<div class=\"elementor-widget-container\">\n\t\t\t<style>\/*! elementor - v3.23.0 - 05-08-2024 *\/\n.elementor-widget-text-editor.elementor-drop-cap-view-stacked .elementor-drop-cap{background-color:#69727d;color:#fff}.elementor-widget-text-editor.elementor-drop-cap-view-framed .elementor-drop-cap{color:#69727d;border:3px solid;background-color:transparent}.elementor-widget-text-editor:not(.elementor-drop-cap-view-default) .elementor-drop-cap{margin-top:8px}.elementor-widget-text-editor:not(.elementor-drop-cap-view-default) .elementor-drop-cap-letter{width:1em;height:1em}.elementor-widget-text-editor .elementor-drop-cap{float:left;text-align:center;line-height:1;font-size:50px}.elementor-widget-text-editor .elementor-drop-cap-letter{display:inline-block}<\/style>\t\t\t\t<h3>&nbsp;<\/h3>\n<h2>&nbsp;<\/h2>\n<h2>Aviso Legal&nbsp;<\/h2>\n<p><\/p>\n<p>En cumplimiento con el art\u00edculo 10 de la Ley 34\/2002, de 11 de julio, de Servicios de la Sociedad de la Informaci\u00f3n y Comercio Electr\u00f3nico (LSSI-CE), se informa a los usuarios de los siguientes datos identificativos del titular de este sitio web:<\/p>\n<p><!-- \/wp:paragraph --><\/p>\n<p><!-- wp:paragraph --><\/p>\n<p><strong>Datos del titular:<\/strong><\/p>\n<p><!-- \/wp:paragraph --><\/p>\n<p><!-- wp:list --><\/p>\n<ul class=\"wp-block-list\">\n<li style=\"list-style-type: none;\">\n<ul class=\"wp-block-list\"><!-- wp:list-item --><\/ul>\n<\/li>\n<\/ul>\n<ul class=\"wp-block-list\">\n<li style=\"list-style-type: none;\">\n<ul class=\"wp-block-list\">\n<li><strong>Denominaci\u00f3n social:<\/strong> Blended Consulting S.L.<\/li>\n<\/ul>\n<\/li>\n<\/ul>\n<p><!-- \/wp:list-item --><\/p>\n<p><!-- wp:list-item --><\/p>\n<ul class=\"wp-block-list\">\n<li style=\"list-style-type: none;\">\n<ul class=\"wp-block-list\">\n<li><strong>CIF:<\/strong> B72536105<\/li>\n<\/ul>\n<\/li>\n<\/ul>\n<p><!-- \/wp:list-item --><\/p>\n<p><!-- wp:list-item --><\/p>\n<ul class=\"wp-block-list\">\n<li style=\"list-style-type: none;\">\n<ul class=\"wp-block-list\">\n<li><strong>Domicilio social:<\/strong> Calle Medell\u00edn 1, 29002, M\u00e1laga, Espa\u00f1a<\/li>\n<\/ul>\n<\/li>\n<\/ul>\n<p><!-- \/wp:list-item --><\/p>\n<p><!-- wp:list-item --><\/p>\n<ul class=\"wp-block-list\">\n<li style=\"list-style-type: none;\">\n<ul class=\"wp-block-list\">\n<li><strong>Email de contacto:<\/strong> [tu email]<\/li>\n<\/ul>\n<\/li>\n<\/ul>\n<p><!-- \/wp:list-item --><\/p>\n<p><!-- wp:list-item --><\/p>\n<ul class=\"wp-block-list\">\n<li style=\"list-style-type: none;\">\n<ul class=\"wp-block-list\">\n<li><strong>Web:<\/strong> [tu dominio]<\/li>\n<\/ul>\n<\/li>\n<\/ul>\n<p><!-- \/wp:list-item --><\/p>\n<p><!-- \/wp:list --><\/p>\n<p><!-- wp:paragraph --><\/p>\n<p><strong>Objeto<\/strong><\/p>\n<p><!-- \/wp:paragraph --><\/p>\n<p><!-- wp:paragraph --><\/p>\n<p>El presente Aviso Legal regula el acceso y uso del sitio web, que Blended Consulting S.L. pone a disposici\u00f3n de los usuarios de Internet. El acceso al sitio web implica la aceptaci\u00f3n plena y sin reservas de todas las disposiciones incluidas en este Aviso Legal.<\/p>\n<p><!-- \/wp:paragraph --><\/p>\n<p><!-- wp:paragraph --><\/p>\n<p><strong>Propiedad intelectual e industrial<\/strong><\/p>\n<p><!-- \/wp:paragraph --><\/p>\n<p><!-- wp:paragraph --><\/p>\n<p>Todos los contenidos del sitio web, incluyendo textos, im\u00e1genes, dise\u00f1o gr\u00e1fico, c\u00f3digo fuente y dem\u00e1s elementos, son propiedad de Blended Consulting S.L. o de terceros que han autorizado su uso, y est\u00e1n protegidos por la legislaci\u00f3n espa\u00f1ola e internacional sobre propiedad intelectual e industrial. Queda expresamente prohibida su reproducci\u00f3n, distribuci\u00f3n, comunicaci\u00f3n p\u00fablica o transformaci\u00f3n sin autorizaci\u00f3n expresa del titular.<\/p>\n<p><!-- \/wp:paragraph --><\/p>\n<p><!-- wp:paragraph --><\/p>\n<p><strong>Responsabilidad<\/strong><\/p>\n<p><!-- \/wp:paragraph --><\/p>\n<p><!-- wp:paragraph --><\/p>\n<p>Blended Consulting S.L. no se hace responsable de los da\u00f1os y perjuicios de cualquier naturaleza que pudieran derivarse del acceso o uso de los contenidos del sitio web, ni de la informaci\u00f3n accesible a trav\u00e9s de enlaces a sitios web de terceros.<\/p>\n<p><!-- \/wp:paragraph --><\/p>\n<p><!-- wp:paragraph --><\/p>\n<p><strong>Legislaci\u00f3n aplicable y jurisdicci\u00f3n<\/strong><\/p>\n<p><!-- \/wp:paragraph --><\/p>\n<p><!-- wp:paragraph --><\/p>\n<p>Las relaciones entre Blended Consulting S.L. y los usuarios se rigen por la normativa espa\u00f1ola vigente. Para la resoluci\u00f3n de cualquier controversia, las partes se someten a los Juzgados y Tribunales de M\u00e1laga, salvo que la ley establezca otro fuero.<\/p>\n<p><!-- \/wp:paragraph --><\/p>\t\t\t\t\t\t<\/div>\n\t\t\t\t<\/div>\n\t\t\t\t\t<\/div>\n\t\t\t\t<\/div>\n\t\t\t\t<\/div>\n\t\t","protected":false},"excerpt":{"rendered":"<p>&nbsp; &nbsp; Aviso Legal&nbsp; En cumplimiento con el art\u00edculo 10 de la Ley 34\/2002, de 11 de julio, de Servicios de la Sociedad de la Informaci\u00f3n y Comercio Electr\u00f3nico (LSSI-CE), se informa a los usuarios de los siguientes datos identificativos del titular de este sitio web: Datos del titular: Denominaci\u00f3n social: Blended Consulting S.L. CIF: [&hellip;]<\/p>\n","protected":false},"author":3,"featured_media":0,"parent":0,"menu_order":0,"comment_status":"closed","ping_status":"closed","template":"","meta":{"footnotes":""},"class_list":["post-618","page","type-page","status-publish","hentry"],"yoast_head":"<!-- This site is optimized with the Yoast SEO plugin v23.3 - https:\/\/yoast.com\/wordpress\/plugins\/seo\/ -->\n<title>AVISO LEGAL - Mochi<\/title>\n<meta name=\"robots\" content=\"index, follow, max-snippet:-1, max-image-preview:large, max-video-preview:-1\" \/>\n<link rel=\"canonical\" href=\"https:\/\/mochi.com.es\/en\/aviso-legal\/\" \/>\n<meta property=\"og:locale\" content=\"en_US\" \/>\n<meta property=\"og:type\" content=\"article\" \/>\n<meta property=\"og:title\" content=\"AVISO LEGAL - Mochi\" \/>\n<meta property=\"og:description\" content=\"&nbsp; &nbsp; Aviso Legal&nbsp; En cumplimiento con el art\u00edculo 10 de la Ley 34\/2002, de 11 de julio, de Servicios de la Sociedad de la Informaci\u00f3n y Comercio Electr\u00f3nico (LSSI-CE), se informa a los usuarios de los siguientes datos identificativos del titular de este sitio web: Datos del titular: Denominaci\u00f3n social: Blended Consulting S.L. CIF: [&hellip;]\" \/>\n<meta property=\"og:url\" content=\"https:\/\/mochi.com.es\/en\/aviso-legal\/\" \/>\n<meta property=\"og:site_name\" content=\"Mochi\" \/>\n<meta property=\"article:modified_time\" content=\"2026-04-15T13:57:43+00:00\" \/>\n<meta name=\"twitter:card\" content=\"summary_large_image\" \/>\n<meta name=\"twitter:label1\" content=\"Est. reading time\" \/>\n\t<meta name=\"twitter:data1\" content=\"2 minutes\" \/>\n<script type=\"application\/ld+json\" class=\"yoast-schema-graph\">{\"@context\":\"https:\/\/schema.org\",\"@graph\":[{\"@type\":\"WebPage\",\"@id\":\"https:\/\/mochi.com.es\/aviso-legal\/\",\"url\":\"https:\/\/mochi.com.es\/aviso-legal\/\",\"name\":\"AVISO LEGAL - Mochi\",\"isPartOf\":{\"@id\":\"https:\/\/mochi.com.es\/#website\"},\"datePublished\":\"2026-04-15T11:30:48+00:00\",\"dateModified\":\"2026-04-15T13:57:43+00:00\",\"breadcrumb\":{\"@id\":\"https:\/\/mochi.com.es\/aviso-legal\/#breadcrumb\"},\"inLanguage\":\"en-US\",\"potentialAction\":[{\"@type\":\"ReadAction\",\"target\":[\"https:\/\/mochi.com.es\/aviso-legal\/\"]}]},{\"@type\":\"BreadcrumbList\",\"@id\":\"https:\/\/mochi.com.es\/aviso-legal\/#breadcrumb\",\"itemListElement\":[{\"@type\":\"ListItem\",\"position\":1,\"name\":\"Portada\",\"item\":\"https:\/\/mochi.com.es\/\"},{\"@type\":\"ListItem\",\"position\":2,\"name\":\"AVISO LEGAL\"}]},{\"@type\":\"WebSite\",\"@id\":\"https:\/\/mochi.com.es\/#website\",\"url\":\"https:\/\/mochi.com.es\/\",\"name\":\"Mochi\",\"description\":\"Caf\u00e9 de autor\",\"publisher\":{\"@id\":\"https:\/\/mochi.com.es\/#organization\"},\"potentialAction\":[{\"@type\":\"SearchAction\",\"target\":{\"@type\":\"EntryPoint\",\"urlTemplate\":\"https:\/\/mochi.com.es\/?s={search_term_string}\"},\"query-input\":\"required name=search_term_string\"}],\"inLanguage\":\"en-US\"},{\"@type\":\"Organization\",\"@id\":\"https:\/\/mochi.com.es\/#organization\",\"name\":\"Mochi\",\"url\":\"https:\/\/mochi.com.es\/\",\"logo\":{\"@type\":\"ImageObject\",\"inLanguage\":\"en-US\",\"@id\":\"https:\/\/mochi.com.es\/#\/schema\/logo\/image\/\",\"url\":\"https:\/\/mochi.com.es\/wp-content\/uploads\/2024\/05\/logo-mochi.svg\",\"contentUrl\":\"https:\/\/mochi.com.es\/wp-content\/uploads\/2024\/05\/logo-mochi.svg\",\"caption\":\"Mochi\"},\"image\":{\"@id\":\"https:\/\/mochi.com.es\/#\/schema\/logo\/image\/\"},\"sameAs\":[\"https:\/\/www.instagram.com\/mochicafemalaga\/\"]}]}<\/script>\n<!-- \/ Yoast SEO plugin. -->","yoast_head_json":{"title":"AVISO LEGAL - Mochi","robots":{"index":"index","follow":"follow","max-snippet":"max-snippet:-1","max-image-preview":"max-image-preview:large","max-video-preview":"max-video-preview:-1"},"canonical":"https:\/\/mochi.com.es\/en\/aviso-legal\/","og_locale":"en_US","og_type":"article","og_title":"AVISO LEGAL - Mochi","og_description":"&nbsp; &nbsp; Aviso Legal&nbsp; En cumplimiento con el art\u00edculo 10 de la Ley 34\/2002, de 11 de julio, de Servicios de la Sociedad de la Informaci\u00f3n y Comercio Electr\u00f3nico (LSSI-CE), se informa a los usuarios de los siguientes datos identificativos del titular de este sitio web: Datos del titular: Denominaci\u00f3n social: Blended Consulting S.L. CIF: [&hellip;]","og_url":"https:\/\/mochi.com.es\/en\/aviso-legal\/","og_site_name":"Mochi","article_modified_time":"2026-04-15T13:57:43+00:00","twitter_card":"summary_large_image","twitter_misc":{"Est. reading time":"2 minutes"},"schema":{"@context":"https:\/\/schema.org","@graph":[{"@type":"WebPage","@id":"https:\/\/mochi.com.es\/aviso-legal\/","url":"https:\/\/mochi.com.es\/aviso-legal\/","name":"AVISO LEGAL - Mochi","isPartOf":{"@id":"https:\/\/mochi.com.es\/#website"},"datePublished":"2026-04-15T11:30:48+00:00","dateModified":"2026-04-15T13:57:43+00:00","breadcrumb":{"@id":"https:\/\/mochi.com.es\/aviso-legal\/#breadcrumb"},"inLanguage":"en-US","potentialAction":[{"@type":"ReadAction","target":["https:\/\/mochi.com.es\/aviso-legal\/"]}]},{"@type":"BreadcrumbList","@id":"https:\/\/mochi.com.es\/aviso-legal\/#breadcrumb","itemListElement":[{"@type":"ListItem","position":1,"name":"Portada","item":"https:\/\/mochi.com.es\/"},{"@type":"ListItem","position":2,"name":"AVISO LEGAL"}]},{"@type":"WebSite","@id":"https:\/\/mochi.com.es\/#website","url":"https:\/\/mochi.com.es\/","name":"Mochi","description":"Caf\u00e9 de autor","publisher":{"@id":"https:\/\/mochi.com.es\/#organization"},"potentialAction":[{"@type":"SearchAction","target":{"@type":"EntryPoint","urlTemplate":"https:\/\/mochi.com.es\/?s={search_term_string}"},"query-input":"required name=search_term_string"}],"inLanguage":"en-US"},{"@type":"Organization","@id":"https:\/\/mochi.com.es\/#organization","name":"Mochi","url":"https:\/\/mochi.com.es\/","logo":{"@type":"ImageObject","inLanguage":"en-US","@id":"https:\/\/mochi.com.es\/#\/schema\/logo\/image\/","url":"https:\/\/mochi.com.es\/wp-content\/uploads\/2024\/05\/logo-mochi.svg","contentUrl":"https:\/\/mochi.com.es\/wp-content\/uploads\/2024\/05\/logo-mochi.svg","caption":"Mochi"},"image":{"@id":"https:\/\/mochi.com.es\/#\/schema\/logo\/image\/"},"sameAs":["https:\/\/www.instagram.com\/mochicafemalaga\/"]}]}},"_links":{"self":[{"href":"https:\/\/mochi.com.es\/en\/wp-json\/wp\/v2\/pages\/618","targetHints":{"allow":["GET"]}}],"collection":[{"href":"https:\/\/mochi.com.es\/en\/wp-json\/wp\/v2\/pages"}],"about":[{"href":"https:\/\/mochi.com.es\/en\/wp-json\/wp\/v2\/types\/page"}],"author":[{"embeddable":true,"href":"https:\/\/mochi.com.es\/en\/wp-json\/wp\/v2\/users\/3"}],"replies":[{"embeddable":true,"href":"https:\/\/mochi.com.es\/en\/wp-json\/wp\/v2\/comments?post=618"}],"version-history":[{"count":4,"href":"https:\/\/mochi.com.es\/en\/wp-json\/wp\/v2\/pages\/618\/revisions"}],"predecessor-version":[{"id":625,"href":"https:\/\/mochi.com.es\/en\/wp-json\/wp\/v2\/pages\/618\/revisions\/625"}],"wp:attachment":[{"href":"https:\/\/mochi.com.es\/en\/wp-json\/wp\/v2\/media?parent=618"}],"curies":[{"name":"wp","href":"https:\/\/api.w.org\/{rel}","templated":true}]}}